{"id":504,"date":"2022-12-10T10:47:32","date_gmt":"2022-12-10T10:47:32","guid":{"rendered":"https:\/\/mediationcatherinedumas.com\/?page_id=504"},"modified":"2026-03-02T16:52:11","modified_gmt":"2026-03-02T16:52:11","slug":"coaching-gestion-de-conflits","status":"publish","type":"page","link":"https:\/\/mediationcatherinedumas.com\/de\/coaching-gestion-de-conflits\/","title":{"rendered":"Begleitung"},"content":{"rendered":"<div data-elementor-type=\"wp-page\" data-elementor-id=\"504\" class=\"elementor elementor-504\">\n\t\t\t\t\t\t<section class=\"elementor-section elementor-top-section elementor-element elementor-element-4d7787d elementor-section-boxed elementor-section-height-default elementor-section-height-default\" data-id=\"4d7787d\" data-element_type=\"section\" data-e-type=\"section\">\n\t\t\t\t\t\t<div class=\"elementor-container elementor-column-gap-default\">\n\t\t\t\t\t<div class=\"elementor-column elementor-col-100 elementor-top-column elementor-element elementor-element-e022a2e\" data-id=\"e022a2e\" data-element_type=\"column\" data-e-type=\"column\">\n\t\t\t<div class=\"elementor-widget-wrap elementor-element-populated\">\n\t\t\t\t\t\t<div class=\"elementor-element elementor-element-e06b15d elementor-widget elementor-widget-spacer\" data-id=\"e06b15d\" data-element_type=\"widget\" data-e-type=\"widget\" data-widget_type=\"spacer.default\">\n\t\t\t\t<div class=\"elementor-widget-container\">\n\t\t\t\t\t\t\t<div class=\"elementor-spacer\">\n\t\t\t<div class=\"elementor-spacer-inner\"><\/div>\n\t\t<\/div>\n\t\t\t\t\t\t<\/div>\n\t\t\t\t<\/div>\n\t\t\t\t<div class=\"elementor-element elementor-element-7b90dab elementor-widget elementor-widget-heading\" data-id=\"7b90dab\" data-element_type=\"widget\" data-e-type=\"widget\" data-widget_type=\"heading.default\">\n\t\t\t\t<div class=\"elementor-widget-container\">\n\t\t\t\t\t<h1 class=\"elementor-heading-title elementor-size-default\">Mediation-\nBegleitung-\nRaum f\u00fcr Austausch-Ausbildung<\/h1>\t\t\t\t<\/div>\n\t\t\t\t<\/div>\n\t\t\t\t\t<\/div>\n\t\t<\/div>\n\t\t\t\t\t<\/div>\n\t\t<\/section>\n\t\t\t\t<section class=\"elementor-section elementor-top-section elementor-element elementor-element-4c123b5 elementor-section-boxed elementor-section-height-default elementor-section-height-default\" data-id=\"4c123b5\" data-element_type=\"section\" data-e-type=\"section\">\n\t\t\t\t\t\t<div class=\"elementor-container elementor-column-gap-default\">\n\t\t\t\t\t<div class=\"elementor-column elementor-col-50 elementor-top-column elementor-element elementor-element-9fdd782\" data-id=\"9fdd782\" data-element_type=\"column\" data-e-type=\"column\">\n\t\t\t<div class=\"elementor-widget-wrap elementor-element-populated\">\n\t\t\t\t\t\t<div class=\"elementor-element elementor-element-dc499d0 elementor-widget elementor-widget-spacer\" data-id=\"dc499d0\" data-element_type=\"widget\" data-e-type=\"widget\" data-widget_type=\"spacer.default\">\n\t\t\t\t<div class=\"elementor-widget-container\">\n\t\t\t\t\t\t\t<div class=\"elementor-spacer\">\n\t\t\t<div class=\"elementor-spacer-inner\"><\/div>\n\t\t<\/div>\n\t\t\t\t\t\t<\/div>\n\t\t\t\t<\/div>\n\t\t\t\t<div class=\"elementor-element elementor-element-87d2b72 elementor-widget elementor-widget-text-editor\" data-id=\"87d2b72\" data-element_type=\"widget\" data-e-type=\"widget\" data-widget_type=\"text-editor.default\">\n\t\t\t\t<div class=\"elementor-widget-container\">\n\t\t\t\t\t\t\t\t\t<p>Beziehungen sind keine exakte Wissenschaft. Wir haben das Recht, Fehler zu machen, und Misserfolge bringen uns weiter. Es gibt keine falschen oder richtigen Antworten, sondern nur eine Absicht, die fehl am Platz ist, falsch klingt oder dem anderen schaden kann.<\/p><p>Ich erz\u00e4hle gerne diese kurze Geschichte von einem kleinen M\u00e4dchen, das in einer Mathematikstunde folgende Aufgabe l\u00f6sen muss: Die Katze hat .... Pfoten und der Vogel hat .........\u00a0<\/p><p>Und hier ihre Antwort: Die Katze hat Schmerz an den Pfoten und dem Vogel hat es nicht gefallen.<\/p>\t\t\t\t\t\t\t\t<\/div>\n\t\t\t\t<\/div>\n\t\t\t\t<div class=\"elementor-element elementor-element-31d190c elementor-widget elementor-widget-image\" data-id=\"31d190c\" data-element_type=\"widget\" data-e-type=\"widget\" data-widget_type=\"image.default\">\n\t\t\t\t<div class=\"elementor-widget-container\">\n\t\t\t\t\t\t\t\t\t\t\t\t\t\t\t<img fetchpriority=\"high\" decoding=\"async\" width=\"768\" height=\"576\" src=\"Begleitung\" class=\"attachment-medium_large size-medium_large wp-image-5354\" alt=\"\" srcset=\"\" sizes=\"(max-width: 768px) 100vw, 768px\" title=\"\" data-srcset=\"\">\t\t\t\t\t\t\t\t\t\t\t\t\t\t\t<\/div>\n\t\t\t\t<\/div>\n\t\t\t\t<div class=\"elementor-element elementor-element-2541ed6 elementor-hidden-mobile elementor-widget elementor-widget-spacer\" data-id=\"2541ed6\" data-element_type=\"widget\" data-e-type=\"widget\" data-widget_type=\"spacer.default\">\n\t\t\t\t<div class=\"elementor-widget-container\">\n\t\t\t\t\t\t\t<div class=\"elementor-spacer\">\n\t\t\t<div class=\"elementor-spacer-inner\"><\/div>\n\t\t<\/div>\n\t\t\t\t\t\t<\/div>\n\t\t\t\t<\/div>\n\t\t\t\t\t<\/div>\n\t\t<\/div>\n\t\t\t\t<div class=\"elementor-column elementor-col-50 elementor-top-column elementor-element elementor-element-fc8d1cd\" data-id=\"fc8d1cd\" data-element_type=\"column\" data-e-type=\"column\">\n\t\t\t<div class=\"elementor-widget-wrap elementor-element-populated\">\n\t\t\t\t\t\t<div class=\"elementor-element elementor-element-3794b68 elementor-widget elementor-widget-text-editor\" data-id=\"3794b68\" data-element_type=\"widget\" data-e-type=\"widget\" data-widget_type=\"text-editor.default\">\n\t\t\t\t<div class=\"elementor-widget-container\">\n\t\t\t\t\t\t\t\t\t<h6 style=\"text-align: center;\">M3- Interkulturelle Mediation\u00a0<\/h6><h6 style=\"text-align: center;\">in Saint-Etienne\/FR - 11.2025<\/h6><h6>\u00a0<\/h6>\t\t\t\t\t\t\t\t<\/div>\n\t\t\t\t<\/div>\n\t\t\t\t<div class=\"elementor-element elementor-element-e344a26 elementor-widget elementor-widget-image\" data-id=\"e344a26\" data-element_type=\"widget\" data-e-type=\"widget\" data-widget_type=\"image.default\">\n\t\t\t\t<div class=\"elementor-widget-container\">\n\t\t\t\t\t\t\t\t\t\t\t\t\t\t\t<img decoding=\"async\" width=\"768\" height=\"377\" src=\"https:\/\/mediationcatherinedumas.com\/wp-content\/uploads\/2025\/12\/Capture-decran-2025-12-09-a-11.30.05-768x377.jpg\" class=\"attachment-medium_large size-medium_large wp-image-5349\" alt=\"\" srcset=\"https:\/\/mediationcatherinedumas.com\/wp-content\/uploads\/2025\/12\/Capture-decran-2025-12-09-a-11.30.05-768x377.jpg 768w, https:\/\/mediationcatherinedumas.com\/wp-content\/uploads\/2025\/12\/Capture-decran-2025-12-09-a-11.30.05-300x147.jpg 300w, https:\/\/mediationcatherinedumas.com\/wp-content\/uploads\/2025\/12\/Capture-decran-2025-12-09-a-11.30.05-1024x503.jpg 1024w, https:\/\/mediationcatherinedumas.com\/wp-content\/uploads\/2025\/12\/Capture-decran-2025-12-09-a-11.30.05-18x9.jpg 18w, https:\/\/mediationcatherinedumas.com\/wp-content\/uploads\/2025\/12\/Capture-decran-2025-12-09-a-11.30.05-e1765281792580.jpg 700w\" sizes=\"(max-width: 768px) 100vw, 768px\" title=\"\">\t\t\t\t\t\t\t\t\t\t\t\t\t\t\t<\/div>\n\t\t\t\t<\/div>\n\t\t\t\t\t<\/div>\n\t\t<\/div>\n\t\t\t\t\t<\/div>\n\t\t<\/section>\n\t\t\t\t<section class=\"elementor-section elementor-top-section elementor-element elementor-element-a644dcf elementor-section-full_width elementor-section-height-default elementor-section-height-default\" data-id=\"a644dcf\" data-element_type=\"section\" data-e-type=\"section\" data-settings=\"{&quot;background_background&quot;:&quot;classic&quot;}\">\n\t\t\t\t\t\t<div class=\"elementor-container elementor-column-gap-default\">\n\t\t\t\t\t<div class=\"elementor-column elementor-col-100 elementor-top-column elementor-element elementor-element-b16d2cd\" data-id=\"b16d2cd\" data-element_type=\"column\" data-e-type=\"column\" data-settings=\"{&quot;background_background&quot;:&quot;classic&quot;}\">\n\t\t\t<div class=\"elementor-widget-wrap elementor-element-populated\">\n\t\t\t\t\t\t<div class=\"elementor-element elementor-element-cc4c24c elementor-widget elementor-widget-heading\" data-id=\"cc4c24c\" data-element_type=\"widget\" data-e-type=\"widget\" data-widget_type=\"heading.default\">\n\t\t\t\t<div class=\"elementor-widget-container\">\n\t\t\t\t\t<h2 class=\"elementor-heading-title elementor-size-default\">\"Frieden ist nicht die Abwesenheit von Konflikten, sondern die F\u00e4higkeit, mit ihnen umzugehen.\" Gandhi<\/h2>\t\t\t\t<\/div>\n\t\t\t\t<\/div>\n\t\t\t\t<div class=\"elementor-element elementor-element-11f46fb elementor-widget elementor-widget-spacer\" data-id=\"11f46fb\" data-element_type=\"widget\" data-e-type=\"widget\" data-widget_type=\"spacer.default\">\n\t\t\t\t<div class=\"elementor-widget-container\">\n\t\t\t\t\t\t\t<div class=\"elementor-spacer\">\n\t\t\t<div class=\"elementor-spacer-inner\"><\/div>\n\t\t<\/div>\n\t\t\t\t\t\t<\/div>\n\t\t\t\t<\/div>\n\t\t\t\t\t<\/div>\n\t\t<\/div>\n\t\t\t\t\t<\/div>\n\t\t<\/section>\n\t\t\t\t<section class=\"elementor-section elementor-top-section elementor-element elementor-element-3e4ff4d elementor-section-boxed elementor-section-height-default elementor-section-height-default\" data-id=\"3e4ff4d\" data-element_type=\"section\" data-e-type=\"section\">\n\t\t\t\t\t\t<div class=\"elementor-container elementor-column-gap-default\">\n\t\t\t\t\t<div class=\"elementor-column elementor-col-50 elementor-top-column elementor-element elementor-element-2e15d8f\" data-id=\"2e15d8f\" data-element_type=\"column\" data-e-type=\"column\">\n\t\t\t<div class=\"elementor-widget-wrap elementor-element-populated\">\n\t\t\t\t\t\t<div class=\"elementor-element elementor-element-2643358 elementor-widget elementor-widget-spacer\" data-id=\"2643358\" data-element_type=\"widget\" data-e-type=\"widget\" data-widget_type=\"spacer.default\">\n\t\t\t\t<div class=\"elementor-widget-container\">\n\t\t\t\t\t\t\t<div class=\"elementor-spacer\">\n\t\t\t<div class=\"elementor-spacer-inner\"><\/div>\n\t\t<\/div>\n\t\t\t\t\t\t<\/div>\n\t\t\t\t<\/div>\n\t\t\t\t<div class=\"elementor-element elementor-element-2114333 elementor-widget elementor-widget-heading\" data-id=\"2114333\" data-element_type=\"widget\" data-e-type=\"widget\" data-widget_type=\"heading.default\">\n\t\t\t\t<div class=\"elementor-widget-container\">\n\t\t\t\t\t<h2 class=\"elementor-heading-title elementor-size-default\">Begleitung<\/h2>\t\t\t\t<\/div>\n\t\t\t\t<\/div>\n\t\t\t\t<div class=\"elementor-element elementor-element-22346fb elementor-widget elementor-widget-text-editor\" data-id=\"22346fb\" data-element_type=\"widget\" data-e-type=\"widget\" data-widget_type=\"text-editor.default\">\n\t\t\t\t<div class=\"elementor-widget-container\">\n\t\t\t\t\t\t\t\t\t<p>Die von mir angebotene Begleitung wird dazu beitragen, Ihre Beziehungen zu anderen zu verbessern. Wir werden gemeinsam an Techniken arbeiten und Ihr Instrumentarium erg\u00e4nzen, damit Sie menschlicher und effizienter interagieren k\u00f6nnen. So k\u00f6nnen Sie menschliche Hindernisse im beruflichen Umfeld \u00fcberwinden. Wir werden Wege erkunden, wie Sie aktiv werden und mit Selbstvertrauen und Mut konkrete Ma\u00dfnahmen ergreifen k\u00f6nnen. \n\n\u00dcbersetzt mit DeepL.com (kostenlose Version)<\/p>\t\t\t\t\t\t\t\t<\/div>\n\t\t\t\t<\/div>\n\t\t\t\t\t<\/div>\n\t\t<\/div>\n\t\t\t\t<div class=\"elementor-column elementor-col-50 elementor-top-column elementor-element elementor-element-e7ffc41\" data-id=\"e7ffc41\" data-element_type=\"column\" data-e-type=\"column\">\n\t\t\t<div class=\"elementor-widget-wrap elementor-element-populated\">\n\t\t\t\t\t\t<div class=\"elementor-element elementor-element-3880210 elementor-widget elementor-widget-spacer\" data-id=\"3880210\" data-element_type=\"widget\" data-e-type=\"widget\" data-widget_type=\"spacer.default\">\n\t\t\t\t<div class=\"elementor-widget-container\">\n\t\t\t\t\t\t\t<div class=\"elementor-spacer\">\n\t\t\t<div class=\"elementor-spacer-inner\"><\/div>\n\t\t<\/div>\n\t\t\t\t\t\t<\/div>\n\t\t\t\t<\/div>\n\t\t\t\t<div class=\"elementor-element elementor-element-ce6b743 elementor-widget elementor-widget-heading\" data-id=\"ce6b743\" data-element_type=\"widget\" data-e-type=\"widget\" data-widget_type=\"heading.default\">\n\t\t\t\t<div class=\"elementor-widget-container\">\n\t\t\t\t\t<h2 class=\"elementor-heading-title elementor-size-default\">Raum f\u00fcr Austausch<\/h2>\t\t\t\t<\/div>\n\t\t\t\t<\/div>\n\t\t\t\t<div class=\"elementor-element elementor-element-15a5daf elementor-widget elementor-widget-text-editor\" data-id=\"15a5daf\" data-element_type=\"widget\" data-e-type=\"widget\" data-widget_type=\"text-editor.default\">\n\t\t\t\t<div class=\"elementor-widget-container\">\n\t\t\t\t\t\t\t\t\t<p>Raum f\u00fcr Austausch und Dialog unter Anleitung einer Mediatorin, um Ausuferungen zu vermeiden und Zeit, Inhalt und Form zu steuern. Sie werden Themen und Interessen sortieren. Lernen, diese klar und transparent zu kommunizieren. \u00dcberpr\u00fcfen, ob die gesendete Botschaft richtig verstanden und aufgenommen wird. Ideen und Erfahrungen austauschen und frei und ohne Vorurteile diskutieren. Beweggr\u00fcnde, Ziele und Schwierigkeiten besser verst\u00e4ndlich machen.<\/p><p>Hier sind eine Reihe von Aspekten, die Sie bei mir finden k\u00f6nnen.\u00a0<\/p>\t\t\t\t\t\t\t\t<\/div>\n\t\t\t\t<\/div>\n\t\t\t\t<div class=\"elementor-element elementor-element-745947f elementor-widget elementor-widget-spacer\" data-id=\"745947f\" data-element_type=\"widget\" data-e-type=\"widget\" data-widget_type=\"spacer.default\">\n\t\t\t\t<div class=\"elementor-widget-container\">\n\t\t\t\t\t\t\t<div class=\"elementor-spacer\">\n\t\t\t<div class=\"elementor-spacer-inner\"><\/div>\n\t\t<\/div>\n\t\t\t\t\t\t<\/div>\n\t\t\t\t<\/div>\n\t\t\t\t\t<\/div>\n\t\t<\/div>\n\t\t\t\t\t<\/div>\n\t\t<\/section>\n\t\t\t\t<section class=\"elementor-section elementor-top-section elementor-element elementor-element-de793bf elementor-section-full_width elementor-section-height-default elementor-section-height-default\" data-id=\"de793bf\" data-element_type=\"section\" data-e-type=\"section\">\n\t\t\t\t\t\t<div class=\"elementor-container elementor-column-gap-default\">\n\t\t\t\t\t<div class=\"elementor-column elementor-col-100 elementor-top-column elementor-element elementor-element-f28ae90\" data-id=\"f28ae90\" data-element_type=\"column\" data-e-type=\"column\" data-settings=\"{&quot;background_background&quot;:&quot;classic&quot;}\">\n\t\t\t<div class=\"elementor-widget-wrap elementor-element-populated\">\n\t\t\t\t\t\t<div class=\"elementor-element elementor-element-69bcc32 elementor-widget elementor-widget-spacer\" data-id=\"69bcc32\" data-element_type=\"widget\" data-e-type=\"widget\" data-widget_type=\"spacer.default\">\n\t\t\t\t<div class=\"elementor-widget-container\">\n\t\t\t\t\t\t\t<div class=\"elementor-spacer\">\n\t\t\t<div class=\"elementor-spacer-inner\"><\/div>\n\t\t<\/div>\n\t\t\t\t\t\t<\/div>\n\t\t\t\t<\/div>\n\t\t\t\t<div class=\"elementor-element elementor-element-d5f9135 elementor-widget__width-initial elementor-widget elementor-widget-text-editor\" data-id=\"d5f9135\" data-element_type=\"widget\" data-e-type=\"widget\" data-widget_type=\"text-editor.default\">\n\t\t\t\t<div class=\"elementor-widget-container\">\n\t\t\t\t\t\t\t\t\t<div class=\"page\" title=\"Seite 10\"><div class=\"layoutArea\"><div class=\"column\"><p style=\"text-align: center;\">Nachstehend finden Sie die f\u00fcr 2026 angebotenen Gruppenschulungen. Sie basieren auf einer Abwechslung von Rollenspielen, \u00dcbungen und theoretischen Beitr\u00e4gen.<\/p><\/div><\/div><\/div>\t\t\t\t\t\t\t\t<\/div>\n\t\t\t\t<\/div>\n\t\t\t\t<div class=\"elementor-element elementor-element-74ce1af elementor-widget elementor-widget-spacer\" data-id=\"74ce1af\" data-element_type=\"widget\" data-e-type=\"widget\" data-widget_type=\"spacer.default\">\n\t\t\t\t<div class=\"elementor-widget-container\">\n\t\t\t\t\t\t\t<div class=\"elementor-spacer\">\n\t\t\t<div class=\"elementor-spacer-inner\"><\/div>\n\t\t<\/div>\n\t\t\t\t\t\t<\/div>\n\t\t\t\t<\/div>\n\t\t\t\t<div class=\"elementor-element elementor-element-c48e502 elementor-widget elementor-widget-toggle\" data-id=\"c48e502\" data-element_type=\"widget\" data-e-type=\"widget\" data-widget_type=\"toggle.default\">\n\t\t\t\t<div class=\"elementor-widget-container\">\n\t\t\t\t\t\t\t<div class=\"elementor-toggle\">\n\t\t\t\t\t\t\t<div class=\"elementor-toggle-item\">\n\t\t\t\t\t<h3 id=\"elementor-tab-title-2061\" class=\"elementor-tab-title\" data-tab=\"1\" role=\"button\" aria-controls=\"elementor-tab-content-2061\" aria-expanded=\"false\">\n\t\t\t\t\t\t\t\t\t\t\t\t<span class=\"elementor-toggle-icon elementor-toggle-icon-right\" aria-hidden=\"true\">\n\t\t\t\t\t\t\t\t\t\t\t\t\t\t\t<span class=\"elementor-toggle-icon-closed\"><i class=\"fas fa-chevron-down\"><\/i><\/span>\n\t\t\t\t\t\t\t\t<span class=\"elementor-toggle-icon-opened\"><i class=\"elementor-toggle-icon-opened fas fa-chevron-up\"><\/i><\/span>\n\t\t\t\t\t\t\t\t\t\t\t\t\t<\/span>\n\t\t\t\t\t\t\t\t\t\t\t\t<a class=\"elementor-toggle-title\" tabindex=\"0\">Konflikte besser verstehen \/   Kommunikationsmethoden verbessern. <\/a>\n\t\t\t\t\t<\/h3>\n\n\t\t\t\t\t<div id=\"elementor-tab-content-2061\" class=\"elementor-tab-content elementor-clearfix\" data-tab=\"1\" role=\"region\" aria-labelledby=\"elementor-tab-title-2061\"><p><u>2 Referenten <\/u><\/p>\n<p><u>14 Std. an zwei Tagen <\/u><\/p>\n<p><u>Anzahl der Teilnehmer<\/u>&nbsp; &nbsp; &nbsp; &nbsp; &nbsp; &nbsp; &nbsp; &nbsp; &nbsp; &nbsp; &nbsp; &nbsp; &nbsp; &nbsp; &nbsp; &nbsp; &nbsp; &nbsp; &nbsp; &nbsp; &nbsp; &nbsp; &nbsp; &nbsp; &nbsp; &nbsp; &nbsp; &nbsp; &nbsp; &nbsp; &nbsp; &nbsp; &nbsp; &nbsp; &nbsp; &nbsp; &nbsp; &nbsp; &nbsp; &nbsp; &nbsp; &nbsp; &nbsp;Minimum 10 \u2013 Maximum 15<\/p>\n<p><u>Ausbildungsgeb\u00fchr<\/u> &nbsp;&nbsp;&nbsp;&nbsp;&nbsp;&nbsp;&nbsp;&nbsp;&nbsp;&nbsp;&nbsp;&nbsp;&nbsp;&nbsp;&nbsp;&nbsp;&nbsp;&nbsp;&nbsp;&nbsp;&nbsp;&nbsp;&nbsp;&nbsp;&nbsp;&nbsp;&nbsp;&nbsp;&nbsp;&nbsp;&nbsp;&nbsp;&nbsp;&nbsp;&nbsp;&nbsp;&nbsp;&nbsp;&nbsp;&nbsp;&nbsp;&nbsp;&nbsp;&nbsp;&nbsp;&nbsp;&nbsp;&nbsp;&nbsp;&nbsp;&nbsp;&nbsp;&nbsp;&nbsp;&nbsp;&nbsp;&nbsp;&nbsp;&nbsp;&nbsp; 300,- Euros ohne MwSt. pro Teilnehmer.in<\/p>\n<p><u>Zielpublikum<\/u> :<\/p>\n<ul>\n<li>Alle Personen, die in einem Team arbeiten oder eines leiten<\/li>\n<\/ul>\n<p><u>P\u00e4dagogik des Europ\u00e4ischen Netzwerks f\u00fcr Konfliktmanagement  (Strasbourg)&nbsp;<\/u><a href=\"https:\/\/www.association-regc.com\/\" target=\"_blank\" rel=\"noopener\">REGC (R\u00e9seau Europ\u00e9en de Gestion de Conflits)<\/a><\/p>\n<p><u style=\"background-color: var( --e-global-color-45dbf72 ); color: var( --e-global-color-text );\">Zielsetzungen<\/u><span style=\"background-color: var( --e-global-color-45dbf72 ); color: var( --e-global-color-text );\"> :&nbsp;&nbsp;<\/span><\/p>\n<ul>\n<li>Konfliktmechanismen verstehen<\/li>\n<li>Lernen, schwierige Gespr\u00e4che zu f\u00fchren\n<ul>\n<li>Mich vorbereiten\n<ul>\n<li>Verf\u00fcgbar und f\u00fcrsorglich sein<\/li>\n<li>Aktives Zuh\u00f6ren<\/li>\n<li>Objektivit\u00e4t (meine Werte und die der anderen)<\/li>\n<\/ul>\n<\/li>\n<li>Einsetzen in einer Situation\n<ul>\n<li>Immer wiederkehrende Situationen<\/li>\n<li>Was Sie tun sollten, was Sie auf jeden Fall vermeiden sollten<\/li>\n<\/ul>\n<\/li>\n<li>Nach dem Gespr\u00e4ch\n<ul>\n<li>Implementierung von L\u00f6sungen,<\/li>\n<li>Kommunikation nach au\u00dfen (ja oder nein, der richtige Zeitpunkt)<\/li>\n<\/ul>\n<\/li>\n<li>Verbesserung der Kommunikation in meinem Team<\/li>\n<li>\u00dcbungen und Rollenspiele auf freiwilliger Basis werden in diesem Kurs angeboten.<\/li>\n<\/ul>\n<\/li>\n<\/ul>\n<p><u>Methoden<\/u><\/p>\n<ul>\n<li>Apports th\u00e9oriques \/ Exercices \/ Mise en situation&nbsp;: 1\/3 \u2013 1\/3 \u2013 1\/3<\/li>\n<li>PowerPoint-Pr\u00e4sentationen<\/li>\n<li>Praktische \u00dcbungen<\/li>\n<li>Fallstudien<\/li>\n<li>Bibliographischer Input<\/li>\n<\/ul><\/div>\n\t\t\t\t<\/div>\n\t\t\t\t\t\t\t\t<\/div>\n\t\t\t\t\t\t<\/div>\n\t\t\t\t<\/div>\n\t\t\t\t<div class=\"elementor-element elementor-element-3d12bb9 elementor-widget elementor-widget-spacer\" data-id=\"3d12bb9\" data-element_type=\"widget\" data-e-type=\"widget\" data-widget_type=\"spacer.default\">\n\t\t\t\t<div class=\"elementor-widget-container\">\n\t\t\t\t\t\t\t<div class=\"elementor-spacer\">\n\t\t\t<div class=\"elementor-spacer-inner\"><\/div>\n\t\t<\/div>\n\t\t\t\t\t\t<\/div>\n\t\t\t\t<\/div>\n\t\t\t\t<div class=\"elementor-element elementor-element-2e2c3f2 elementor-widget elementor-widget-toggle\" data-id=\"2e2c3f2\" data-element_type=\"widget\" data-e-type=\"widget\" data-widget_type=\"toggle.default\">\n\t\t\t\t<div class=\"elementor-widget-container\">\n\t\t\t\t\t\t\t<div class=\"elementor-toggle\">\n\t\t\t\t\t\t\t<div class=\"elementor-toggle-item\">\n\t\t\t\t\t<div id=\"elementor-tab-title-4841\" class=\"elementor-tab-title\" data-tab=\"1\" role=\"button\" aria-controls=\"elementor-tab-content-4841\" aria-expanded=\"false\">\n\t\t\t\t\t\t\t\t\t\t\t\t<span class=\"elementor-toggle-icon elementor-toggle-icon-right\" aria-hidden=\"true\">\n\t\t\t\t\t\t\t\t\t\t\t\t\t\t\t<span class=\"elementor-toggle-icon-closed\"><i class=\"fas fa-chevron-down\"><\/i><\/span>\n\t\t\t\t\t\t\t\t<span class=\"elementor-toggle-icon-opened\"><i class=\"elementor-toggle-icon-opened fas fa-chevron-up\"><\/i><\/span>\n\t\t\t\t\t\t\t\t\t\t\t\t\t<\/span>\n\t\t\t\t\t\t\t\t\t\t\t\t<a class=\"elementor-toggle-title\" tabindex=\"0\">Konfliktmanagement durch Mediation<\/a>\n\t\t\t\t\t<\/div>\n\n\t\t\t\t\t<div id=\"elementor-tab-content-4841\" class=\"elementor-tab-content elementor-clearfix\" data-tab=\"1\" role=\"region\" aria-labelledby=\"elementor-tab-title-4841\"><p><u>2 Referenten\u00a0<\/u><\/p><p><u>14 Std. an zwei Tagen<\/u><\/p><p><u>Anzahl der Teilnehmer<\/u>\u00a0 \u00a0 \u00a0 \u00a0 \u00a0 \u00a0 \u00a0 \u00a0 \u00a0 \u00a0 \u00a0 \u00a0 \u00a0 \u00a0 \u00a0 \u00a0 \u00a0 \u00a0 \u00a0 \u00a0 \u00a0 \u00a0 \u00a0 \u00a0 \u00a0 \u00a0 \u00a0 \u00a0 \u00a0 \u00a0 \u00a0 \u00a0 \u00a0 \u00a0 \u00a0 \u00a0 \u00a0 \u00a0 \u00a0 \u00a0 \u00a0 \u00a0 \u00a0Minimum 10 \u2013 Maximum 15<\/p><p><u>Ausbildungsgeb\u00fchr<\/u> \u00a0\u00a0\u00a0\u00a0\u00a0\u00a0\u00a0\u00a0\u00a0\u00a0\u00a0\u00a0\u00a0\u00a0\u00a0\u00a0\u00a0\u00a0\u00a0\u00a0\u00a0\u00a0\u00a0\u00a0\u00a0\u00a0\u00a0\u00a0\u00a0\u00a0\u00a0\u00a0\u00a0\u00a0\u00a0\u00a0\u00a0\u00a0\u00a0\u00a0\u00a0\u00a0\u00a0\u00a0\u00a0\u00a0\u00a0\u00a0\u00a0\u00a0\u00a0\u00a0\u00a0\u00a0\u00a0\u00a0\u00a0\u00a0\u00a0\u00a0 300,- Euros ohne MwSt. pro Teilnehmer.in<\/p><p><u>Zielpublikum<\/u> Ausbildung f\u00fcr alle Zielgruppe<\/p><p><u>P\u00e4dagogik des Europ\u00e4ischen Netzwerks f\u00fcr Konfliktmanagement  (Strasbourg) <a href=\"https:\/\/www.association-regc.com\/\" target=\"_blank\" rel=\"noopener\">REGC (R\u00e9seau Europ\u00e9en de Gestion des Conflits). <\/a><\/u><\/p><p><u>Zielsetzungen<\/u> Sich ein Grundwissen \u00fcber die Funktionsweise der Mediation und den Prozess des Mediators aneignen. In der Lage sein, bei Konflikten einzugreifen und Gespr\u00e4che mithilfe von Kommunikationstechniken zu f\u00fchren (u. a. aus der gewaltfreien Kommunikation).<\/p><p><u>Programm <\/u><\/p><ul><li>Was ist Mediation? Wozu dient sie?\u00a0<\/li><li>Verhandlung, Schiedsverfahren und Mediation.<\/li><li>Definition von Konflikt und Darstellung der Konflikteskalation nach Glasl<\/li><li>Die p\u00e4dagogische Rolle der Mediation auf dem Weg zu einer besseren Kommunikation.<\/li><li>Welche Methoden\/welchen Prozess wendet der Mediator an, um einzuwirken?<\/li><li>Das Einzelgespr\u00e4ch<\/li><li>Die gemeinsame Sitzung zwischen den Konfliktparteien<\/li><li>Das Aufstellen von Regeln,\u00a0<\/li><li>Die Phasen der Mediation<\/li><li>Das Ergebnis, eventuell die Vereinbarung\u00a0<\/li><li>Die Beendigung der Mediation<\/li><li>Die R\u00fcckmeldung der Mediator an die Organisation<\/li><li>Kommunikationstechniken bei einer Mediation<\/li><\/ul><p>\u00a0 \u00a0 \u00a0 \u00a0 \u00a0 Metaphern, Geschichten, zirkul\u00e4re Fragen, aktives Zuh\u00f6ren<\/p><ul><li>Rollenspiele\/Situationen (Tag 1 und Tag 2)<\/li><\/ul><p>\u00a0<\/p><p><u>Unterrichtsmethoden<\/u> \u00a0\u00a0\u00a0\u00a0\u00a0<\/p><ul><li>Theoretische Inputs \/ \u00dcbungen \/ Situationen : 1\/3-1\/3-1\/3<\/li><li>PowerPoint-Pr\u00e4sentationen<\/li><li>Praktische \u00dcbungen<\/li><li>Fallstudien<\/li><li>Bibliographischer Input\u00a0<\/li><\/ul><\/div>\n\t\t\t\t<\/div>\n\t\t\t\t\t\t\t\t<\/div>\n\t\t\t\t\t\t<\/div>\n\t\t\t\t<\/div>\n\t\t\t\t<div class=\"elementor-element elementor-element-1c6c164 elementor-align-center elementor-widget elementor-widget-button\" data-id=\"1c6c164\" data-element_type=\"widget\" data-e-type=\"widget\" data-widget_type=\"button.default\">\n\t\t\t\t<div class=\"elementor-widget-container\">\n\t\t\t\t\t\t\t\t\t<div class=\"elementor-button-wrapper\">\n\t\t\t\t\t<a class=\"elementor-button elementor-button-link elementor-size-md\" href=\"https:\/\/mediationcatherinedumas.com\/de\/contact-commentaire\/\">\n\t\t\t\t\t\t<span class=\"elementor-button-content-wrapper\">\n\t\t\t\t\t\t\t\t\t<span class=\"elementor-button-text\">f\u00fcr weitere Informationen kontaktieren Sie mich!<\/span>\n\t\t\t\t\t<\/span>\n\t\t\t\t\t<\/a>\n\t\t\t\t<\/div>\n\t\t\t\t\t\t\t\t<\/div>\n\t\t\t\t<\/div>\n\t\t\t\t\t<\/div>\n\t\t<\/div>\n\t\t\t\t\t<\/div>\n\t\t<\/section>\n\t\t\t\t<\/div>","protected":false},"excerpt":{"rendered":"<p>M\u00e9diation &#8211; Accompagnement &#8211; Espaces de parole &#8211; Formation La relation n\u2019est pas une science exacte. Nous avons droit \u00e0 l\u2019erreur et l&rsquo;\u00e9chec fait avancer. Il\u00a0 n\u2019y a pas de mauvaise ou de bonne r\u00e9ponse mais une intention qui peut \u00eatre d\u00e9plac\u00e9e, sonner faux ou causer du tort \u00e0 l&rsquo;autre. J&rsquo;aime raconter cette courte histoire [&hellip;]<\/p>\n","protected":false},"author":1,"featured_media":0,"parent":0,"menu_order":0,"comment_status":"closed","ping_status":"closed","template":"","meta":{"footnotes":""},"class_list":["post-504","page","type-page","status-publish","hentry"],"_links":{"self":[{"href":"https:\/\/mediationcatherinedumas.com\/de\/wp-json\/wp\/v2\/pages\/504","targetHints":{"allow":["GET"]}}],"collection":[{"href":"https:\/\/mediationcatherinedumas.com\/de\/wp-json\/wp\/v2\/pages"}],"about":[{"href":"https:\/\/mediationcatherinedumas.com\/de\/wp-json\/wp\/v2\/types\/page"}],"author":[{"embeddable":true,"href":"https:\/\/mediationcatherinedumas.com\/de\/wp-json\/wp\/v2\/users\/1"}],"replies":[{"embeddable":true,"href":"https:\/\/mediationcatherinedumas.com\/de\/wp-json\/wp\/v2\/comments?post=504"}],"version-history":[{"count":633,"href":"https:\/\/mediationcatherinedumas.com\/de\/wp-json\/wp\/v2\/pages\/504\/revisions"}],"predecessor-version":[{"id":5364,"href":"https:\/\/mediationcatherinedumas.com\/de\/wp-json\/wp\/v2\/pages\/504\/revisions\/5364"}],"wp:attachment":[{"href":"https:\/\/mediationcatherinedumas.com\/de\/wp-json\/wp\/v2\/media?parent=504"}],"curies":[{"name":"wp","href":"https:\/\/api.w.org\/{rel}","templated":true}]}}