{"id":313,"date":"2022-12-08T13:56:59","date_gmt":"2022-12-08T13:56:59","guid":{"rendered":"http:\/\/catherinedumasmediation.local\/?page_id=313"},"modified":"2023-05-19T12:08:53","modified_gmt":"2023-05-19T12:08:53","slug":"accueil-2","status":"publish","type":"page","link":"https:\/\/mediationcatherinedumas.com\/de\/","title":{"rendered":"willkommen"},"content":{"rendered":"\t\t<div data-elementor-type=\"wp-page\" data-elementor-id=\"313\" class=\"elementor elementor-313\">\n\t\t\t\t\t\t<section class=\"elementor-section elementor-top-section elementor-element elementor-element-fcee5e4 elementor-section-full_width elementor-section-stretched elementor-section-height-min-height elementor-section-height-default elementor-section-items-middle\" data-id=\"fcee5e4\" data-element_type=\"section\" data-e-type=\"section\" data-settings=\"{&quot;background_background&quot;:&quot;slideshow&quot;,&quot;stretch_section&quot;:&quot;section-stretched&quot;,&quot;background_slideshow_gallery&quot;:[{&quot;id&quot;:1537,&quot;url&quot;:&quot;https:\\\/\\\/mediationcatherinedumas.com\\\/wp-content\\\/uploads\\\/2022\\\/12\\\/Image-gratuite-mediation-interculturelle-pexels-lil-artsy-5541019-scaled.jpg&quot;},{&quot;id&quot;:1538,&quot;url&quot;:&quot;https:\\\/\\\/mediationcatherinedumas.com\\\/wp-content\\\/uploads\\\/2022\\\/12\\\/pexels-pixabay-159825-scaled.jpg&quot;},{&quot;id&quot;:1539,&quot;url&quot;:&quot;https:\\\/\\\/mediationcatherinedumas.com\\\/wp-content\\\/uploads\\\/2022\\\/12\\\/pexels-belle-co-1000444-scaled.jpg&quot;},{&quot;id&quot;:1515,&quot;url&quot;:&quot;https:\\\/\\\/mediationcatherinedumas.com\\\/wp-content\\\/uploads\\\/2022\\\/12\\\/Image-gratuite-mediation-en-entreprise-pexels-andrew-neel-3283576-scaled.jpg&quot;},{&quot;id&quot;:1536,&quot;url&quot;:&quot;https:\\\/\\\/mediationcatherinedumas.com\\\/wp-content\\\/uploads\\\/2022\\\/12\\\/Image-gratuite-medation-familiale-pexels-anna-shvets-3771639-scaled.jpg&quot;},{&quot;id&quot;:2269,&quot;url&quot;:&quot;https:\\\/\\\/mediationcatherinedumas.com\\\/wp-content\\\/uploads\\\/2023\\\/01\\\/pexels-ylanite-koppens-796602-scaled.jpg&quot;}],&quot;background_slideshow_loop&quot;:&quot;yes&quot;,&quot;background_slideshow_slide_duration&quot;:5000,&quot;background_slideshow_slide_transition&quot;:&quot;fade&quot;,&quot;background_slideshow_transition_duration&quot;:500}\">\n\t\t\t\t\t\t<div class=\"elementor-container elementor-column-gap-default\">\n\t\t\t\t\t<div class=\"elementor-column elementor-col-100 elementor-top-column elementor-element elementor-element-2e0c9ac\" data-id=\"2e0c9ac\" data-element_type=\"column\" data-e-type=\"column\">\n\t\t\t<div class=\"elementor-widget-wrap elementor-element-populated\">\n\t\t\t\t\t\t\t<\/div>\n\t\t<\/div>\n\t\t\t\t\t<\/div>\n\t\t<\/section>\n\t\t\t\t<section class=\"elementor-section elementor-top-section elementor-element elementor-element-9bf158a elementor-section-boxed elementor-section-height-default elementor-section-height-default\" data-id=\"9bf158a\" data-element_type=\"section\" data-e-type=\"section\" data-settings=\"{&quot;background_background&quot;:&quot;classic&quot;}\">\n\t\t\t\t\t\t<div class=\"elementor-container elementor-column-gap-default\">\n\t\t\t\t\t<div class=\"elementor-column elementor-col-50 elementor-top-column elementor-element elementor-element-ac479ba\" data-id=\"ac479ba\" data-element_type=\"column\" data-e-type=\"column\">\n\t\t\t<div class=\"elementor-widget-wrap elementor-element-populated\">\n\t\t\t\t\t\t<div class=\"elementor-element elementor-element-9cbbef7 elementor-invisible elementor-widget elementor-widget-image\" data-id=\"9cbbef7\" data-element_type=\"widget\" data-e-type=\"widget\" data-settings=\"{&quot;_animation&quot;:&quot;fadeInLeft&quot;}\" data-widget_type=\"image.default\">\n\t\t\t\t<div class=\"elementor-widget-container\">\n\t\t\t\t\t\t\t\t\t\t\t\t\t\t\t\t<a href=\"https:\/\/mediationcatherinedumas.com\/\">\n\t\t\t\t\t\t\t<img decoding=\"async\" width=\"100\" height=\"114\" src=\"https:\/\/mediationcatherinedumas.com\/wp-content\/uploads\/2023\/01\/2.png\" class=\"attachment-large size-large wp-image-4530\" alt=\"Logo 2\/2 Mediation Catherine Dumas\" srcset=\"https:\/\/mediationcatherinedumas.com\/wp-content\/uploads\/2023\/01\/2.png 100w, https:\/\/mediationcatherinedumas.com\/wp-content\/uploads\/2023\/01\/2-11x12.png 11w\" sizes=\"(max-width: 100px) 100vw, 100px\" title=\"\">\t\t\t\t\t\t\t\t<\/a>\n\t\t\t\t\t\t\t\t\t\t\t\t\t\t\t<\/div>\n\t\t\t\t<\/div>\n\t\t\t\t\t<\/div>\n\t\t<\/div>\n\t\t\t\t<div class=\"elementor-column elementor-col-50 elementor-top-column elementor-element elementor-element-c66ce00\" data-id=\"c66ce00\" data-element_type=\"column\" data-e-type=\"column\">\n\t\t\t<div class=\"elementor-widget-wrap elementor-element-populated\">\n\t\t\t\t\t\t<div class=\"elementor-element elementor-element-7e52f05 e-transform elementor-invisible elementor-widget elementor-widget-image\" data-id=\"7e52f05\" data-element_type=\"widget\" data-e-type=\"widget\" data-settings=\"{&quot;_animation&quot;:&quot;fadeInRight&quot;,&quot;_transform_translateX_effect&quot;:{&quot;unit&quot;:&quot;px&quot;,&quot;size&quot;:-71,&quot;sizes&quot;:[]},&quot;_transform_translateY_effect&quot;:{&quot;unit&quot;:&quot;px&quot;,&quot;size&quot;:-18,&quot;sizes&quot;:[]},&quot;_transform_translateX_effect_tablet&quot;:{&quot;unit&quot;:&quot;px&quot;,&quot;size&quot;:&quot;&quot;,&quot;sizes&quot;:[]},&quot;_transform_translateX_effect_mobile&quot;:{&quot;unit&quot;:&quot;px&quot;,&quot;size&quot;:&quot;&quot;,&quot;sizes&quot;:[]},&quot;_transform_translateY_effect_tablet&quot;:{&quot;unit&quot;:&quot;px&quot;,&quot;size&quot;:&quot;&quot;,&quot;sizes&quot;:[]},&quot;_transform_translateY_effect_mobile&quot;:{&quot;unit&quot;:&quot;px&quot;,&quot;size&quot;:&quot;&quot;,&quot;sizes&quot;:[]}}\" data-widget_type=\"image.default\">\n\t\t\t\t<div class=\"elementor-widget-container\">\n\t\t\t\t\t\t\t\t\t\t\t\t\t\t\t\t<a href=\"https:\/\/mediationcatherinedumas.com\/\">\n\t\t\t\t\t\t\t<img decoding=\"async\" width=\"69\" height=\"133\" src=\"https:\/\/mediationcatherinedumas.com\/wp-content\/uploads\/2023\/01\/1.png\" class=\"attachment-large size-large wp-image-4528\" alt=\"Logo 1\/2 Mediation Catherine Dumas\" srcset=\"https:\/\/mediationcatherinedumas.com\/wp-content\/uploads\/2023\/01\/1.png 69w, https:\/\/mediationcatherinedumas.com\/wp-content\/uploads\/2023\/01\/1-6x12.png 6w\" sizes=\"(max-width: 69px) 100vw, 69px\" title=\"\">\t\t\t\t\t\t\t\t<\/a>\n\t\t\t\t\t\t\t\t\t\t\t\t\t\t\t<\/div>\n\t\t\t\t<\/div>\n\t\t\t\t\t<\/div>\n\t\t<\/div>\n\t\t\t\t\t<\/div>\n\t\t<\/section>\n\t\t\t\t<section class=\"elementor-section elementor-top-section elementor-element elementor-element-77a33c0 elementor-section-boxed elementor-section-height-default elementor-section-height-default\" data-id=\"77a33c0\" data-element_type=\"section\" data-e-type=\"section\" data-settings=\"{&quot;background_background&quot;:&quot;classic&quot;}\">\n\t\t\t\t\t\t<div class=\"elementor-container elementor-column-gap-default\">\n\t\t\t\t\t<div class=\"elementor-column elementor-col-100 elementor-top-column elementor-element elementor-element-f1a524c\" data-id=\"f1a524c\" data-element_type=\"column\" data-e-type=\"column\">\n\t\t\t<div class=\"elementor-widget-wrap elementor-element-populated\">\n\t\t\t\t\t\t<div class=\"elementor-element elementor-element-825ccd9 elementor-widget elementor-widget-heading\" data-id=\"825ccd9\" data-element_type=\"widget\" data-e-type=\"widget\" data-widget_type=\"heading.default\">\n\t\t\t\t<div class=\"elementor-widget-container\">\n\t\t\t\t\t<h1 class=\"elementor-heading-title elementor-size-default\">M\u00e9diation inter-culturelle, m\u00e9diation en entreprise, r\u00e9gulation de groupes et d'\u00e9quipes, m\u00e9diation familiale, \nsoutien individuel professionnel, formations.<\/h1>\t\t\t\t<\/div>\n\t\t\t\t<\/div>\n\t\t\t\t<div class=\"elementor-element elementor-element-df4f952 elementor-widget elementor-widget-spacer\" data-id=\"df4f952\" data-element_type=\"widget\" data-e-type=\"widget\" data-widget_type=\"spacer.default\">\n\t\t\t\t<div class=\"elementor-widget-container\">\n\t\t\t\t\t\t\t<div class=\"elementor-spacer\">\n\t\t\t<div class=\"elementor-spacer-inner\"><\/div>\n\t\t<\/div>\n\t\t\t\t\t\t<\/div>\n\t\t\t\t<\/div>\n\t\t\t\t\t<\/div>\n\t\t<\/div>\n\t\t\t\t\t<\/div>\n\t\t<\/section>\n\t\t\t\t<section class=\"elementor-section elementor-top-section elementor-element elementor-element-18fdf87 elementor-section-boxed elementor-section-height-default elementor-section-height-default\" data-id=\"18fdf87\" data-element_type=\"section\" data-e-type=\"section\" data-settings=\"{&quot;background_background&quot;:&quot;classic&quot;}\">\n\t\t\t\t\t\t<div class=\"elementor-container elementor-column-gap-default\">\n\t\t\t\t\t<div class=\"elementor-column elementor-col-50 elementor-top-column elementor-element elementor-element-53917a5\" data-id=\"53917a5\" data-element_type=\"column\" data-e-type=\"column\">\n\t\t\t<div class=\"elementor-widget-wrap elementor-element-populated\">\n\t\t\t\t\t\t<div class=\"elementor-element elementor-element-55852d9 elementor-widget elementor-widget-heading\" data-id=\"55852d9\" data-element_type=\"widget\" data-e-type=\"widget\" data-widget_type=\"heading.default\">\n\t\t\t\t<div class=\"elementor-widget-container\">\n\t\t\t\t\t<h2 class=\"elementor-heading-title elementor-size-default\">La m\u00e9diation <\/h2>\t\t\t\t<\/div>\n\t\t\t\t<\/div>\n\t\t\t\t<div class=\"elementor-element elementor-element-91688fa elementor-widget elementor-widget-text-editor\" data-id=\"91688fa\" data-element_type=\"widget\" data-e-type=\"widget\" data-widget_type=\"text-editor.default\">\n\t\t\t\t<div class=\"elementor-widget-container\">\n\t\t\t\t\t\t\t\t\t<p>Professionnel ou particulier, la m\u00e9diation s&rsquo;adresse \u00e0 vous qui cherchez une issue \u00e0 un diff\u00e9rend ou un conflit, un nouveau terrain d&rsquo;entente, un retour \u00e0 la s\u00e9r\u00e9nit\u00e9, une reprise du dialogue, un accord apr\u00e8s le d\u00e9saccord, une solution viable et durable.\u00a0<\/p>\t\t\t\t\t\t\t\t<\/div>\n\t\t\t\t<\/div>\n\t\t\t\t<div class=\"elementor-element elementor-element-65f6aba elementor-widget elementor-widget-heading\" data-id=\"65f6aba\" data-element_type=\"widget\" data-e-type=\"widget\" data-widget_type=\"heading.default\">\n\t\t\t\t<div class=\"elementor-widget-container\">\n\t\t\t\t\t<h2 class=\"elementor-heading-title elementor-size-default\">Les avantages du processus<\/h2>\t\t\t\t<\/div>\n\t\t\t\t<\/div>\n\t\t\t\t<div class=\"elementor-element elementor-element-0d4f835 elementor-widget elementor-widget-text-editor\" data-id=\"0d4f835\" data-element_type=\"widget\" data-e-type=\"widget\" data-widget_type=\"text-editor.default\">\n\t\t\t\t<div class=\"elementor-widget-container\">\n\t\t\t\t\t\t\t\t\t<p>\u00a0<\/p><ul><li>Rapidit\u00e9 du processus\u00a0<\/li><li>Co\u00fbt mod\u00e9r\u00e9<\/li><li>Am\u00e9lioration de la qualit\u00e9 relationnelle\u00a0<\/li><li>Am\u00e8ne de la clart\u00e9 dans les \u00e9changes\u00a0<\/li><li>Respecte la Libert\u00e9 de d\u00e9cision et l&rsquo;autonomie des personnes\u00a0\u00a0<\/li><li>Processus strictement confidentiel\u00a0<\/li><li>Selon les statistiques, 75% des m\u00e9diations aboutissent \u00e0 un accord.\u00a0<\/li><\/ul>\t\t\t\t\t\t\t\t<\/div>\n\t\t\t\t<\/div>\n\t\t\t\t<div class=\"elementor-element elementor-element-25793ff elementor-align-center elementor-widget elementor-widget-button\" data-id=\"25793ff\" data-element_type=\"widget\" data-e-type=\"widget\" data-widget_type=\"button.default\">\n\t\t\t\t<div class=\"elementor-widget-container\">\n\t\t\t\t\t\t\t\t\t<div class=\"elementor-button-wrapper\">\n\t\t\t\t\t<a class=\"elementor-button elementor-button-link elementor-size-sm\" href=\"https:\/\/mediationcatherinedumas.com\/mediation\/\">\n\t\t\t\t\t\t<span class=\"elementor-button-content-wrapper\">\n\t\t\t\t\t\t\t\t\t<span class=\"elementor-button-text\">Pour en savoir plus <\/span>\n\t\t\t\t\t<\/span>\n\t\t\t\t\t<\/a>\n\t\t\t\t<\/div>\n\t\t\t\t\t\t\t\t<\/div>\n\t\t\t\t<\/div>\n\t\t\t\t\t<\/div>\n\t\t<\/div>\n\t\t\t\t<div class=\"elementor-column elementor-col-50 elementor-top-column elementor-element elementor-element-b009b7a\" data-id=\"b009b7a\" data-element_type=\"column\" data-e-type=\"column\">\n\t\t\t<div class=\"elementor-widget-wrap elementor-element-populated\">\n\t\t\t\t\t\t<div class=\"elementor-element elementor-element-f1b31d1 elementor-widget elementor-widget-image\" data-id=\"f1b31d1\" data-element_type=\"widget\" data-e-type=\"widget\" data-widget_type=\"image.default\">\n\t\t\t\t<div class=\"elementor-widget-container\">\n\t\t\t\t\t\t\t\t\t\t\t\t\t\t\t<img fetchpriority=\"high\" decoding=\"async\" width=\"253\" height=\"300\" src=\"https:\/\/mediationcatherinedumas.com\/wp-content\/uploads\/2022\/12\/Catherine-Dumas-2017-253x300.jpg\" class=\"attachment-medium size-medium wp-image-365\" alt=\"\" srcset=\"https:\/\/mediationcatherinedumas.com\/wp-content\/uploads\/2022\/12\/Catherine-Dumas-2017-253x300.jpg 253w, https:\/\/mediationcatherinedumas.com\/wp-content\/uploads\/2022\/12\/Catherine-Dumas-2017-865x1024.jpg 865w, https:\/\/mediationcatherinedumas.com\/wp-content\/uploads\/2022\/12\/Catherine-Dumas-2017-768x909.jpg 768w, https:\/\/mediationcatherinedumas.com\/wp-content\/uploads\/2022\/12\/Catherine-Dumas-2017-1297x1536.jpg 1297w, https:\/\/mediationcatherinedumas.com\/wp-content\/uploads\/2022\/12\/Catherine-Dumas-2017-1730x2048.jpg 1730w, https:\/\/mediationcatherinedumas.com\/wp-content\/uploads\/2022\/12\/Catherine-Dumas-2017-scaled.jpg 2048w\" sizes=\"(max-width: 253px) 100vw, 253px\" title=\"\">\t\t\t\t\t\t\t\t\t\t\t\t\t\t\t<\/div>\n\t\t\t\t<\/div>\n\t\t\t\t\t<\/div>\n\t\t<\/div>\n\t\t\t\t\t<\/div>\n\t\t<\/section>\n\t\t\t\t<section class=\"elementor-section elementor-top-section elementor-element elementor-element-9dffc46 elementor-section-boxed elementor-section-height-default elementor-section-height-default\" data-id=\"9dffc46\" data-element_type=\"section\" data-e-type=\"section\">\n\t\t\t\t\t\t<div class=\"elementor-container elementor-column-gap-default\">\n\t\t\t\t\t<div class=\"elementor-column elementor-col-100 elementor-top-column elementor-element elementor-element-80cb4ad\" data-id=\"80cb4ad\" data-element_type=\"column\" data-e-type=\"column\">\n\t\t\t<div class=\"elementor-widget-wrap elementor-element-populated\">\n\t\t\t\t\t\t<div class=\"elementor-element elementor-element-b65fe37 elementor-widget elementor-widget-text-editor\" data-id=\"b65fe37\" data-element_type=\"widget\" data-e-type=\"widget\" data-widget_type=\"text-editor.default\">\n\t\t\t\t<div class=\"elementor-widget-container\">\n\t\t\t\t\t\t\t\t\t<p>Depuis 2012, j&rsquo;accompagne particuliers, groupes et \u00e9quipes. Ils apprennent \u00e0 mieux communiquer, \u00e9changer de mani\u00e8re plus sereine et respectueuse et \u00e0 g\u00e9rer leurs conflits.\u00a0<\/p>\t\t\t\t\t\t\t\t<\/div>\n\t\t\t\t<\/div>\n\t\t\t\t\t<\/div>\n\t\t<\/div>\n\t\t\t\t\t<\/div>\n\t\t<\/section>\n\t\t\t\t<section class=\"elementor-section elementor-top-section elementor-element elementor-element-dca983b elementor-section-boxed elementor-section-height-default elementor-section-height-default\" data-id=\"dca983b\" data-element_type=\"section\" data-e-type=\"section\" data-settings=\"{&quot;background_background&quot;:&quot;classic&quot;}\">\n\t\t\t\t\t\t<div class=\"elementor-container elementor-column-gap-default\">\n\t\t\t\t\t<div class=\"elementor-column elementor-col-50 elementor-top-column elementor-element elementor-element-b00c46f\" data-id=\"b00c46f\" data-element_type=\"column\" data-e-type=\"column\" data-settings=\"{&quot;background_background&quot;:&quot;classic&quot;}\">\n\t\t\t<div class=\"elementor-widget-wrap elementor-element-populated\">\n\t\t\t\t\t\t<div class=\"elementor-element elementor-element-01f2a76 elementor-widget elementor-widget-heading\" data-id=\"01f2a76\" data-element_type=\"widget\" data-e-type=\"widget\" data-widget_type=\"heading.default\">\n\t\t\t\t<div class=\"elementor-widget-container\">\n\t\t\t\t\t<h2 class=\"elementor-heading-title elementor-size-default\">Coaching - Accompagnement - Formations<\/h2>\t\t\t\t<\/div>\n\t\t\t\t<\/div>\n\t\t\t\t<div class=\"elementor-element elementor-element-e7e6bda elementor-widget elementor-widget-text-editor\" data-id=\"e7e6bda\" data-element_type=\"widget\" data-e-type=\"widget\" data-widget_type=\"text-editor.default\">\n\t\t\t\t<div class=\"elementor-widget-container\">\n\t\t\t\t\t\t\t\t\t<ul><li>Con\u00e7u.es pour tous les publics.<\/li><li>Les interventions sont tr\u00e8s \u00ab\u00a0pratico-pratiques\u00a0\u00bb avec mises en situation du ou des participants. Dans le principe de faire pour apprendre.\u00a0<\/li><li>Pour les formations : Deux intervenants afin de diversifier les m\u00e9thodes.\u00a0<\/li><li>Les intervenants peuvent se d\u00e9placer.<\/li><li>Le programme est modifiable et adaptable en fonction des besoins des participants.<\/li><\/ul>\t\t\t\t\t\t\t\t<\/div>\n\t\t\t\t<\/div>\n\t\t\t\t<div class=\"elementor-element elementor-element-912d4ce elementor-align-center elementor-widget elementor-widget-button\" data-id=\"912d4ce\" data-element_type=\"widget\" data-e-type=\"widget\" data-widget_type=\"button.default\">\n\t\t\t\t<div class=\"elementor-widget-container\">\n\t\t\t\t\t\t\t\t\t<div class=\"elementor-button-wrapper\">\n\t\t\t\t\t<a class=\"elementor-button elementor-button-link elementor-size-sm\" href=\"https:\/\/mediationcatherinedumas.com\/accompagnement-mediation-gestions-conflits\/\">\n\t\t\t\t\t\t<span class=\"elementor-button-content-wrapper\">\n\t\t\t\t\t\t\t\t\t<span class=\"elementor-button-text\">Pour en savoir plus <\/span>\n\t\t\t\t\t<\/span>\n\t\t\t\t\t<\/a>\n\t\t\t\t<\/div>\n\t\t\t\t\t\t\t\t<\/div>\n\t\t\t\t<\/div>\n\t\t\t\t\t<\/div>\n\t\t<\/div>\n\t\t\t\t<div class=\"elementor-column elementor-col-50 elementor-top-column elementor-element elementor-element-1f373d2\" data-id=\"1f373d2\" data-element_type=\"column\" data-e-type=\"column\" data-settings=\"{&quot;background_background&quot;:&quot;classic&quot;}\">\n\t\t\t<div class=\"elementor-widget-wrap elementor-element-populated\">\n\t\t\t\t\t\t<div class=\"elementor-element elementor-element-7ddab30 elementor-widget elementor-widget-heading\" data-id=\"7ddab30\" data-element_type=\"widget\" data-e-type=\"widget\" data-widget_type=\"heading.default\">\n\t\t\t\t<div class=\"elementor-widget-container\">\n\t\t\t\t\t<h2 class=\"elementor-heading-title elementor-size-default\">Espaces de paroles<\/h2>\t\t\t\t<\/div>\n\t\t\t\t<\/div>\n\t\t\t\t<div class=\"elementor-element elementor-element-4ab3d74 elementor-widget elementor-widget-text-editor\" data-id=\"4ab3d74\" data-element_type=\"widget\" data-e-type=\"widget\" data-widget_type=\"text-editor.default\">\n\t\t\t\t<div class=\"elementor-widget-container\">\n\t\t\t\t\t\t\t\t\t<ul><li>Ils permettent de d\u00e9poser le ressenti, les questionnements.<\/li><li>D&rsquo;arr\u00eater le sur-place et d&rsquo;avancer \u00e0 son rythme vers du mieux.<\/li><li><span data-offset-key=\"53mbh-136-0\">De<\/span><span data-offset-key=\"53mbh-137-0\"> se<\/span><span data-offset-key=\"53mbh-138-0\"> sent<\/span><span data-offset-key=\"53mbh-139-0\">ir<\/span><span data-offset-key=\"53mbh-140-0\"> ent<\/span><span data-offset-key=\"53mbh-141-0\">end<\/span><span data-offset-key=\"53mbh-142-0\">u<\/span><span data-offset-key=\"53mbh-143-0\">\u00a0et<\/span><span data-offset-key=\"53mbh-144-0\"> val<\/span><span data-offset-key=\"53mbh-145-0\">oris<\/span><span data-offset-key=\"53mbh-146-0\">\u00e9<\/span><span data-offset-key=\"53mbh-147-0\">,<\/span><span data-offset-key=\"53mbh-148-0\"> ce<\/span><span data-offset-key=\"53mbh-149-0\"> qui<\/span><span data-offset-key=\"53mbh-150-0\"> pe<\/span><span data-offset-key=\"53mbh-151-0\">ut<\/span><span data-offset-key=\"53mbh-152-0\"> cont<\/span><span data-offset-key=\"53mbh-153-0\">rib<\/span><span data-offset-key=\"53mbh-154-0\">uer<\/span><span data-offset-key=\"53mbh-155-0\"> \u00e0<\/span><span data-offset-key=\"53mbh-156-0\"> une<\/span><span data-offset-key=\"53mbh-157-0\"> me<\/span><span data-offset-key=\"53mbh-158-0\">ille<\/span><span data-offset-key=\"53mbh-159-0\">ure<\/span><span data-offset-key=\"53mbh-160-0\"> s<\/span><span data-offset-key=\"53mbh-161-0\">ant<\/span><span data-offset-key=\"53mbh-162-0\">\u00e9<\/span><span data-offset-key=\"53mbh-163-0\"> ment<\/span><span data-offset-key=\"53mbh-164-0\">ale<\/span><span data-offset-key=\"53mbh-165-0\"> et<\/span><span data-offset-key=\"53mbh-166-0\"> \u00e9<\/span><span data-offset-key=\"53mbh-167-0\">motion<\/span><span data-offset-key=\"53mbh-168-0\">nel<\/span><span data-offset-key=\"53mbh-169-0\">le.<\/span><\/li><li>C&rsquo;est un soutien lorsqu&rsquo;une personne est en difficult\u00e9.<\/li><li>Un endroit pour partager <span data-offset-key=\"53mbh-33-0\">opinions<\/span><span data-offset-key=\"53mbh-34-0\"> et <\/span><span data-offset-key=\"53mbh-37-0\">id<\/span><span data-offset-key=\"53mbh-38-0\">\u00e9<\/span><span data-offset-key=\"53mbh-39-0\">es<\/span><span data-offset-key=\"53mbh-40-0\"> sans<\/span><span data-offset-key=\"53mbh-41-0\"> cr<\/span><span data-offset-key=\"53mbh-42-0\">ain<\/span><span data-offset-key=\"53mbh-43-0\">te<\/span><span data-offset-key=\"53mbh-44-0\"> de<\/span><span data-offset-key=\"53mbh-45-0\"> jug<\/span><span data-offset-key=\"53mbh-46-0\">ement<\/span><span data-offset-key=\"53mbh-47-0\"> o<\/span><span data-offset-key=\"53mbh-48-0\">u<\/span><span data-offset-key=\"53mbh-49-0\"> de<\/span><span data-offset-key=\"53mbh-50-0\"> discrimination.\u00a0<\/span><\/li><\/ul>\t\t\t\t\t\t\t\t<\/div>\n\t\t\t\t<\/div>\n\t\t\t\t\t<\/div>\n\t\t<\/div>\n\t\t\t\t\t<\/div>\n\t\t<\/section>\n\t\t\t\t<section class=\"elementor-section elementor-top-section elementor-element elementor-element-5118243 elementor-section-boxed elementor-section-height-default elementor-section-height-default\" data-id=\"5118243\" data-element_type=\"section\" data-e-type=\"section\" data-settings=\"{&quot;background_background&quot;:&quot;classic&quot;}\">\n\t\t\t\t\t\t<div class=\"elementor-container elementor-column-gap-default\">\n\t\t\t\t\t<div class=\"elementor-column elementor-col-100 elementor-top-column elementor-element elementor-element-975ec1d\" data-id=\"975ec1d\" data-element_type=\"column\" data-e-type=\"column\" data-settings=\"{&quot;background_background&quot;:&quot;classic&quot;}\">\n\t\t\t<div class=\"elementor-widget-wrap elementor-element-populated\">\n\t\t\t\t\t\t<div class=\"elementor-element elementor-element-246f0ca elementor-widget elementor-widget-heading\" data-id=\"246f0ca\" data-element_type=\"widget\" data-e-type=\"widget\" data-widget_type=\"heading.default\">\n\t\t\t\t<div class=\"elementor-widget-container\">\n\t\t\t\t\t<h2 class=\"elementor-heading-title elementor-size-default\">Pourquoi moi? <\/h2>\t\t\t\t<\/div>\n\t\t\t\t<\/div>\n\t\t\t\t<div class=\"elementor-element elementor-element-d8e7e3c elementor-widget elementor-widget-text-editor\" data-id=\"d8e7e3c\" data-element_type=\"widget\" data-e-type=\"widget\" data-widget_type=\"text-editor.default\">\n\t\t\t\t<div class=\"elementor-widget-container\">\n\t\t\t\t\t\t\t\t\t<p>A mon acquis, plus de dix ans d&rsquo;exp\u00e9rience en mati\u00e8re de m\u00e9diation et d&rsquo;accompagnement dans les situations difficiles et complexes.\u00a0<\/p><p>Mon approche est innovante, cr\u00e9ative et dynamisante.<\/p><p>Mon r\u00e9seau est large et riche en recommandations et je peux vous r\u00e9orienter, le cas \u00e9ch\u00e9ant, vers des coll\u00e8gues psychologues, coachs, avocats, formateurs ou autres intervenants.<\/p><p>Je peux intervenir en trois langues.<\/p><p>Et quoi encore ?\u00a0\u00a0<\/p>\t\t\t\t\t\t\t\t<\/div>\n\t\t\t\t<\/div>\n\t\t\t\t<div class=\"elementor-element elementor-element-a61dec3 elementor-align-center elementor-widget elementor-widget-button\" data-id=\"a61dec3\" data-element_type=\"widget\" data-e-type=\"widget\" data-widget_type=\"button.default\">\n\t\t\t\t<div class=\"elementor-widget-container\">\n\t\t\t\t\t\t\t\t\t<div class=\"elementor-button-wrapper\">\n\t\t\t\t\t<a class=\"elementor-button elementor-button-link elementor-size-sm\" href=\"https:\/\/mediationcatherinedumas.com\/a-propos-mediationcatherinedumas\/\">\n\t\t\t\t\t\t<span class=\"elementor-button-content-wrapper\">\n\t\t\t\t\t\t\t\t\t<span class=\"elementor-button-text\">A propos<\/span>\n\t\t\t\t\t<\/span>\n\t\t\t\t\t<\/a>\n\t\t\t\t<\/div>\n\t\t\t\t\t\t\t\t<\/div>\n\t\t\t\t<\/div>\n\t\t\t\t\t<\/div>\n\t\t<\/div>\n\t\t\t\t\t<\/div>\n\t\t<\/section>\n\t\t\t\t<\/div>\n\t\t","protected":false},"excerpt":{"rendered":"<p>M\u00e9diation inter-culturelle, m\u00e9diation en entreprise, r\u00e9gulation de groupes et d&rsquo;\u00e9quipes, m\u00e9diation familiale, soutien individuel professionnel, formations. La m\u00e9diation Professionnel ou particulier, la m\u00e9diation s&rsquo;adresse \u00e0 vous qui cherchez une issue \u00e0 un diff\u00e9rend ou un conflit, un nouveau terrain d&rsquo;entente, un retour \u00e0 la s\u00e9r\u00e9nit\u00e9, une reprise du dialogue, un accord apr\u00e8s le d\u00e9saccord, une [&hellip;]<\/p>\n","protected":false},"author":1,"featured_media":0,"parent":0,"menu_order":0,"comment_status":"closed","ping_status":"closed","template":"","meta":{"footnotes":""},"class_list":["post-313","page","type-page","status-publish","hentry"],"_links":{"self":[{"href":"https:\/\/mediationcatherinedumas.com\/de\/wp-json\/wp\/v2\/pages\/313","targetHints":{"allow":["GET"]}}],"collection":[{"href":"https:\/\/mediationcatherinedumas.com\/de\/wp-json\/wp\/v2\/pages"}],"about":[{"href":"https:\/\/mediationcatherinedumas.com\/de\/wp-json\/wp\/v2\/types\/page"}],"author":[{"embeddable":true,"href":"https:\/\/mediationcatherinedumas.com\/de\/wp-json\/wp\/v2\/users\/1"}],"replies":[{"embeddable":true,"href":"https:\/\/mediationcatherinedumas.com\/de\/wp-json\/wp\/v2\/comments?post=313"}],"version-history":[{"count":581,"href":"https:\/\/mediationcatherinedumas.com\/de\/wp-json\/wp\/v2\/pages\/313\/revisions"}],"predecessor-version":[{"id":5152,"href":"https:\/\/mediationcatherinedumas.com\/de\/wp-json\/wp\/v2\/pages\/313\/revisions\/5152"}],"wp:attachment":[{"href":"https:\/\/mediationcatherinedumas.com\/de\/wp-json\/wp\/v2\/media?parent=313"}],"curies":[{"name":"wp","href":"https:\/\/api.w.org\/{rel}","templated":true}]}}