{"id":2647,"date":"2023-01-05T18:51:51","date_gmt":"2023-01-05T18:51:51","guid":{"rendered":"https:\/\/mediationcatherinedumas.com\/?page_id=2647"},"modified":"2023-08-30T12:54:52","modified_gmt":"2023-08-30T12:54:52","slug":"blog-mediation-articles-videos","status":"publish","type":"page","link":"https:\/\/mediationcatherinedumas.com\/de\/blog-mediation-articles-videos\/","title":{"rendered":"Blog"},"content":{"rendered":"<div data-elementor-type=\"wp-page\" data-elementor-id=\"2647\" class=\"elementor elementor-2647\">\n\t\t\t\t\t\t<section class=\"elementor-section elementor-top-section elementor-element elementor-element-0fcd0fa elementor-section-boxed elementor-section-height-default elementor-section-height-default\" data-id=\"0fcd0fa\" data-element_type=\"section\" data-e-type=\"section\" data-settings=\"{&quot;background_background&quot;:&quot;classic&quot;}\">\n\t\t\t\t\t\t<div class=\"elementor-container elementor-column-gap-default\">\n\t\t\t\t\t<div class=\"elementor-column elementor-col-50 elementor-top-column elementor-element elementor-element-f1e2417\" data-id=\"f1e2417\" data-element_type=\"column\" data-e-type=\"column\" data-settings=\"{&quot;background_background&quot;:&quot;classic&quot;}\">\n\t\t\t<div class=\"elementor-widget-wrap elementor-element-populated\">\n\t\t\t\t\t\t<div class=\"elementor-element elementor-element-0629768 elementor-widget elementor-widget-spacer\" data-id=\"0629768\" data-element_type=\"widget\" data-e-type=\"widget\" data-widget_type=\"spacer.default\">\n\t\t\t\t<div class=\"elementor-widget-container\">\n\t\t\t\t\t\t\t<div class=\"elementor-spacer\">\n\t\t\t<div class=\"elementor-spacer-inner\"><\/div>\n\t\t<\/div>\n\t\t\t\t\t\t<\/div>\n\t\t\t\t<\/div>\n\t\t\t\t\t<\/div>\n\t\t<\/div>\n\t\t\t\t<div class=\"elementor-column elementor-col-50 elementor-top-column elementor-element elementor-element-7eb86db\" data-id=\"7eb86db\" data-element_type=\"column\" data-e-type=\"column\">\n\t\t\t<div class=\"elementor-widget-wrap elementor-element-populated\">\n\t\t\t\t\t\t<div class=\"elementor-element elementor-element-a9ced96 elementor-widget elementor-widget-heading\" data-id=\"a9ced96\" data-element_type=\"widget\" data-e-type=\"widget\" data-widget_type=\"heading.default\">\n\t\t\t\t<div class=\"elementor-widget-container\">\n\t\t\t\t\t<h2 class=\"elementor-heading-title elementor-size-default\">Blog<\/h2>\t\t\t\t<\/div>\n\t\t\t\t<\/div>\n\t\t\t\t<div class=\"elementor-element elementor-element-8c2c864 elementor-widget elementor-widget-text-editor\" data-id=\"8c2c864\" data-element_type=\"widget\" data-e-type=\"widget\" data-widget_type=\"text-editor.default\">\n\t\t\t\t<div class=\"elementor-widget-container\">\n\t\t\t\t\t\t\t\t\t<p>Was Sie hier finden werden:&nbsp;<\/p>\n<ul>\n<li>Artikel, die ich bei meinen Lekt\u00fcren entdeckt oder selbst verfasst habe und die ich gerne mit Ihnen teilen m\u00f6chte.&nbsp;<\/li>\n<li>Videos zu den Thema Konflikt, Mediation und Methoden f\u00fcr eine bessere Kommunikation.&nbsp;<\/li>\n<li>Zitate&nbsp;<\/li>\n<li>Bilder, die Prozesse, Techniken in der Mediation illustrieren.&nbsp;<\/li>\n<li>Hinweise auf inspirierende Lekt\u00fcren<\/li>\n<\/ul>\t\t\t\t\t\t\t\t<\/div>\n\t\t\t\t<\/div>\n\t\t\t\t\t<\/div>\n\t\t<\/div>\n\t\t\t\t\t<\/div>\n\t\t<\/section>\n\t\t\t\t<section class=\"elementor-section elementor-top-section elementor-element elementor-element-538545c elementor-section-boxed elementor-section-height-default elementor-section-height-default\" data-id=\"538545c\" data-element_type=\"section\" data-e-type=\"section\">\n\t\t\t\t\t\t<div class=\"elementor-container elementor-column-gap-default\">\n\t\t\t\t\t<div class=\"elementor-column elementor-col-100 elementor-top-column elementor-element elementor-element-cd3ea76\" data-id=\"cd3ea76\" data-element_type=\"column\" data-e-type=\"column\">\n\t\t\t<div class=\"elementor-widget-wrap elementor-element-populated\">\n\t\t\t\t\t\t<div class=\"elementor-element elementor-element-9a474ab elementor-widget elementor-widget-shortcode\" data-id=\"9a474ab\" data-element_type=\"widget\" data-e-type=\"widget\" data-widget_type=\"shortcode.default\">\n\t\t\t\t<div class=\"elementor-widget-container\">\n\t\t\t\t\t\t\t<div class=\"elementor-shortcode\"><div id=\"caf-post-layout-container\" class=\"caf-post-layout-container  filter-layout1 post-layout3 data-target-div1\" data-post-type=\"post\" data-tax=\"category\" data-terms=\"28,1,11,6,26\" data-per-page=\"3\" data-selected-terms=\"28,1,11,6,26\" data-filter-id=\"3454\" data-post-layout=\"post-layout3\" data-target-div=\"data-target-div1\"><div id=\"caf-filter-layout1\" class='caf-filter-layout data-target-div1'>\r\n    <ul class=\"caf-filter-container caf-filter-layout1\">\r\n        <li class=\"caf-mb-4\"><a href=\"#\" data-id=\"28,1,11,6,26\" data-main-id=\"flt\" class=\"abc active\" data-target-div=\"data-target-div1\">Alle<\/a><\/li><li class='caf-mb-4'><a href='#' data-id='28' data-main-id='flt' data-target-div='data-target-div1' class=''>News<\/a><\/li><li class='caf-mb-4'><a href='#' data-id='1' data-main-id='flt' data-target-div='data-target-div1' class=''>Rund um die Mediation<\/a><\/li><li class='caf-mb-4'><a href='#' data-id='11' data-main-id='flt' data-target-div='data-target-div1' class=''>Zitate<\/a><\/li><li class='caf-mb-4'><a href='#' data-id='6' data-main-id='flt' data-target-div='data-target-div1' class=''>Pers\u00f6nliche Weiterentwicklung<\/a><\/li><li class='caf-mb-4'><a href='#' data-id='26' data-main-id='flt' data-target-div='data-target-div1' class=''>Betriebsmediation<\/a><\/li>    <\/ul>\r\n<\/div><div id='manage-ajax-response' class='caf-row'><div class=\"status\"><i class=\"fa fa-spinner\" aria-hidden=\"true\"><\/i><\/div><div class=\"content\"><\/div><\/div><\/div><\/div>\n\t\t\t\t\t\t<\/div>\n\t\t\t\t<\/div>\n\t\t\t\t\t<\/div>\n\t\t<\/div>\n\t\t\t\t\t<\/div>\n\t\t<\/section>\n\t\t\t\t<\/div>","protected":false},"excerpt":{"rendered":"<p>Blog Ce que vous y trouverez :&nbsp; Des articles d\u00e9couverts au fil de mes lectures ou r\u00e9dig\u00e9s par mes soins et que j&rsquo;ai envie de partager avec vous.&nbsp; Des vid\u00e9os sur les sujets du conflit, de la m\u00e9diation et des m\u00e9thodes pour une meilleure communication.&nbsp; Des citations&nbsp; Des images illustrant des processus, des techniques en [&hellip;]<\/p>\n","protected":false},"author":1,"featured_media":0,"parent":0,"menu_order":1,"comment_status":"closed","ping_status":"closed","template":"","meta":{"footnotes":""},"class_list":["post-2647","page","type-page","status-publish","hentry"],"_links":{"self":[{"href":"https:\/\/mediationcatherinedumas.com\/de\/wp-json\/wp\/v2\/pages\/2647","targetHints":{"allow":["GET"]}}],"collection":[{"href":"https:\/\/mediationcatherinedumas.com\/de\/wp-json\/wp\/v2\/pages"}],"about":[{"href":"https:\/\/mediationcatherinedumas.com\/de\/wp-json\/wp\/v2\/types\/page"}],"author":[{"embeddable":true,"href":"https:\/\/mediationcatherinedumas.com\/de\/wp-json\/wp\/v2\/users\/1"}],"replies":[{"embeddable":true,"href":"https:\/\/mediationcatherinedumas.com\/de\/wp-json\/wp\/v2\/comments?post=2647"}],"version-history":[{"count":240,"href":"https:\/\/mediationcatherinedumas.com\/de\/wp-json\/wp\/v2\/pages\/2647\/revisions"}],"predecessor-version":[{"id":5233,"href":"https:\/\/mediationcatherinedumas.com\/de\/wp-json\/wp\/v2\/pages\/2647\/revisions\/5233"}],"wp:attachment":[{"href":"https:\/\/mediationcatherinedumas.com\/de\/wp-json\/wp\/v2\/media?parent=2647"}],"curies":[{"name":"wp","href":"https:\/\/api.w.org\/{rel}","templated":true}]}}