{"id":2540,"date":"2023-01-05T11:03:02","date_gmt":"2023-01-05T11:03:02","guid":{"rendered":"https:\/\/mediationcatherinedumas.com\/?page_id=2540"},"modified":"2023-05-27T11:05:22","modified_gmt":"2023-05-27T11:05:22","slug":"mentions-legales-cgu","status":"publish","type":"page","link":"https:\/\/mediationcatherinedumas.com\/de\/mentions-legales-cgu\/","title":{"rendered":"Mentions l\u00e9gales et CGU-Site M\u00e9diation-Janvier 2023"},"content":{"rendered":"<div data-elementor-type=\"wp-page\" data-elementor-id=\"2540\" class=\"elementor elementor-2540\">\n\t\t\t\t\t\t<section class=\"elementor-section elementor-top-section elementor-element elementor-element-2e6ff4a elementor-section-boxed elementor-section-height-default elementor-section-height-default\" data-id=\"2e6ff4a\" data-element_type=\"section\" data-e-type=\"section\" data-settings=\"{&quot;background_background&quot;:&quot;classic&quot;}\">\n\t\t\t\t\t\t<div class=\"elementor-container elementor-column-gap-default\">\n\t\t\t\t\t<div class=\"elementor-column elementor-col-100 elementor-top-column elementor-element elementor-element-b7cf2c0\" data-id=\"b7cf2c0\" data-element_type=\"column\" data-e-type=\"column\">\n\t\t\t<div class=\"elementor-widget-wrap elementor-element-populated\">\n\t\t\t\t\t\t<div class=\"elementor-element elementor-element-5bb1d24 elementor-widget elementor-widget-text-editor\" data-id=\"5bb1d24\" data-element_type=\"widget\" data-e-type=\"widget\" data-widget_type=\"text-editor.default\">\n\t\t\t\t<div class=\"elementor-widget-container\">\n\t\t\t\t\t\t\t\t\t<div id=\"comp-k7d5ov9f\" class=\"BaOVQ8 tz5f0K comp-k7d5ov9f\" data-testid=\"richTextElement\">\n<p class=\"font_0\" style=\"text-align: center;\"><strong>Impressum<\/strong><\/p>\n<\/div>\n<div id=\"comp-k7d5pe0d\" class=\"BaOVQ8 tz5f0K comp-k7d5pe0d\" data-testid=\"richTextElement\">\n<p class=\"font_3\"><span style=\"text-decoration: underline;\"><strong>Vorstellung der Website<\/strong><\/span><\/p>\n<p class=\"font_3\">es wird den Nutzern der Website mitgeteilt <a href=\"https:\/\/www.expert-mediateur.fr\/\" target=\"_blank\" rel=\"noopener\" data-auto-recognition=\"true\">http:\/\/mediationcatherinedumas.com <\/a>die Identit\u00e4t der verschiedenen Personen, die an seiner Durchf\u00fchrung und Nachbearbeitung beteiligt sind :<\/p>\n<ul class=\"font_8\">\n<li>\n<p class=\"font_8\">Besitzer : Catherine Dumas - 67000 Strasbourg - Siret Nr. 8045419500013<\/p>\n<\/li>\n<li>\n<p class=\"font_8\">Ersteller: Design Barbara Haag\/ Nadia El Guendouz-Vivaneo\/Catherine Dumas<\/p>\n<\/li>\n<li>\n<p class=\"font_8\">Responsable publication : Catherine Dumas &#8211; contact@mediationcatherinedumas.com<\/p>\n<\/li>\n<li>\n<p class=\"font_8\">Le responsable publication est une personne physique<\/p>\n<\/li>\n<li>\n<p class=\"font_8\">Webhoster : 02Switch \u2013 Chem. des Pardiaux, 63000 Clermont-Ferrand, France<\/p>\n<\/li>\n<\/ul>\n<\/div>\n<div id=\"comp-k7d5r1vd\" class=\"BaOVQ8 tz5f0K comp-k7d5r1vd\" data-testid=\"richTextElement\">\n<h2>&nbsp;<\/h2>\n<h2>&nbsp;<\/h2>\n<h2 style=\"text-align: center;\"><b>Allgemeine Gesch\u00e4ftsbedingungen<\/b><\/h2>\n<p><strong>1. Geistige Eigentumsrechte<\/strong>&nbsp;<\/p>\n<p>Die allgemeine Struktur der Website sowie die Texte, Bilder au\u00dfer denen, die von der Website mit lizenzfreien Bildern stammen <cite class=\"iUh30 qLRx3b tjvcx\" role=\"text\">https:\/\/www.pexels.com<span class=\"dyjrff qzEoUe\" role=\"text\">&nbsp;<\/span><\/cite>und alle Elemente, aus denen sie besteht, sind das ausschlie\u00dfliche Eigentum von Catherine Dumas.<br>Jede vollst\u00e4ndige oder teilweise Darstellung oder Vervielf\u00e4ltigung der Website oder ihrer Bestandteile ohne vorherige ausdr\u00fcckliche Genehmigung von Catherine Dumas ist untersagt.<\/p>\n<p><strong>2. Verantwortung<\/strong><\/p>\n<p>Catherine Dumas bem\u00fcht sich, die Richtigkeit der auf der Website genannten Informationen zu \u00fcberpr\u00fcfen und beh\u00e4lt sich das Recht vor, diese Informationen jederzeit und ohne Vorank\u00fcndigung zu aktualisieren, zu \u00e4ndern oder zu l\u00f6schen.&nbsp;<br>Catherine Dumas kann nicht f\u00fcr Sch\u00e4den haftbar gemacht werden, die direkt oder indirekt aus der Nutzung dieser Website oder der Informationen entstehen. F\u00fcr den Inhalt der Website wird keine Garantie \u00fcbernommen.<\/p>\n<p><strong>3. Datenschutzrichtlinien<\/strong><\/p>\n<p>Die Datenschutzbestimmungen der Website werden in Anwendung der Artikel 13 und 14 der Allgemeinen Europ\u00e4ischen Datenschutzverordnung (GDPR) (2016\/679) und des Artikels 32 des franz\u00f6sischen Datenschutzgesetzes (Loi Informatique et Libert\u00e9s) vom 6. Januar 1978 erlassen.<br>Personenbezogene Daten sind alle Informationen, die mit Ihnen als Privatperson in Verbindung gebracht werden k\u00f6nnen, z. B. Ihr Name und die Kontaktdaten, die Sie im Kontaktformular auf der Seite <a href=\"https:\/\/mediationcatherinedumas.com\/de\/contact\/\">https:\/\/mediationcatherinedumas.com\/contact<\/a>. Verantwortlich f\u00fcr die Verarbeitung ist Catherine Dumas.<br>Vous pouvez poser vos questions \u00e9galement par e-mail : contact@mediationcatherinedumas.com<br>Dies sind die Arten von Daten, die ich im Rahmen meiner T\u00e4tigkeiten und gesetzlichen Verpflichtungen m\u00f6glicherweise \u00fcber Sie erfasse :<br>Identifikationsdaten (Name, Vorname, Adressen, Telefon, E-Mail, Geburtsdatum, Beruf oder Funktion in einem Unternehmen)<br>&nbsp; &nbsp; \u2013&nbsp; donn\u00e9es de facturation, de comptabilit\u00e9 et de r\u00e8glement<br>&nbsp; &nbsp; \u2013&nbsp; t\u00e9moignages<br>&nbsp; &nbsp; &nbsp;- alle Informationen, die Sie mir direkt und freiwillig zur Verf\u00fcgung stellen<br>&nbsp; &nbsp; &nbsp;- alle \u00f6ffentlich zug\u00e4nglichen Informationen, die \u00fcber Sie verf\u00fcgbar sind.<\/p>\n<p>Die Aufbewahrungsfrist h\u00e4ngt von der Art der Daten, dem Zweck der Verarbeitung oder den gesetzlichen und vorschriftsm\u00e4\u00dfigen Anforderungen ab.<\/p>\n<p>Ihre Daten werden in Frankreich elektronisch und\/oder manuell verarbeitet. Ich vermarkte die personenbezogenen Daten nicht. Ich kann Ihre personenbezogenen Daten jedoch an Dienstleister (Buchhaltung, Rechnungsstellung und Zahlung, Hosting und Datenspeicherung, IT-Management...) weitergeben, und zwar nur in dem Umfang, der f\u00fcr die Erf\u00fcllung der ihnen \u00fcbertragenen Aufgaben erforderlich ist.<\/p>\n<\/div>\t\t\t\t\t\t\t\t<\/div>\n\t\t\t\t<\/div>\n\t\t\t\t\t<\/div>\n\t\t<\/div>\n\t\t\t\t\t<\/div>\n\t\t<\/section>\n\t\t\t\t<\/div>","protected":false},"excerpt":{"rendered":"<p>Mentions l\u00e9gales Pr\u00e9sentation du site En vertu de l&rsquo;article 6 de la loi n\u00b0 2004-575 du 21 juin 2004 pour la confiance dans l&rsquo;\u00e9conomie num\u00e9rique, il est pr\u00e9cis\u00e9 aux utilisateurs du site http:\/\/mediationcatherinedumas.com l&rsquo;identit\u00e9 des diff\u00e9rents intervenants dans le cadre de sa r\u00e9alisation et de son suivi : Propri\u00e9taire : Catherine Dumas &#8211; 67000 Strasbourg- [&hellip;]<\/p>\n","protected":false},"author":1,"featured_media":0,"parent":0,"menu_order":0,"comment_status":"closed","ping_status":"closed","template":"","meta":{"footnotes":""},"class_list":["post-2540","page","type-page","status-publish","hentry"],"_links":{"self":[{"href":"https:\/\/mediationcatherinedumas.com\/de\/wp-json\/wp\/v2\/pages\/2540","targetHints":{"allow":["GET"]}}],"collection":[{"href":"https:\/\/mediationcatherinedumas.com\/de\/wp-json\/wp\/v2\/pages"}],"about":[{"href":"https:\/\/mediationcatherinedumas.com\/de\/wp-json\/wp\/v2\/types\/page"}],"author":[{"embeddable":true,"href":"https:\/\/mediationcatherinedumas.com\/de\/wp-json\/wp\/v2\/users\/1"}],"replies":[{"embeddable":true,"href":"https:\/\/mediationcatherinedumas.com\/de\/wp-json\/wp\/v2\/comments?post=2540"}],"version-history":[{"count":83,"href":"https:\/\/mediationcatherinedumas.com\/de\/wp-json\/wp\/v2\/pages\/2540\/revisions"}],"predecessor-version":[{"id":5179,"href":"https:\/\/mediationcatherinedumas.com\/de\/wp-json\/wp\/v2\/pages\/2540\/revisions\/5179"}],"wp:attachment":[{"href":"https:\/\/mediationcatherinedumas.com\/de\/wp-json\/wp\/v2\/media?parent=2540"}],"curies":[{"name":"wp","href":"https:\/\/api.w.org\/{rel}","templated":true}]}}